{"id":596,"date":"2022-11-22T13:51:37","date_gmt":"2022-11-22T12:51:37","guid":{"rendered":"http:\/\/flexcontainerhello.xyz\/?page_id=596"},"modified":"2026-04-24T13:24:47","modified_gmt":"2026-04-24T11:24:47","slug":"impressum","status":"publish","type":"page","link":"https:\/\/www.nanovario.at\/en\/impressum\/","title":{"rendered":"Imprint"},"content":{"rendered":"<div data-elementor-type=\"wp-page\" data-elementor-id=\"596\" class=\"elementor elementor-596\" data-elementor-post-type=\"page\">\n\t\t\t\t<section class=\"elementor-element elementor-element-b134387 e-flex e-con-boxed e-con e-parent\" data-id=\"b134387\" data-element_type=\"container\" data-e-type=\"container\" data-settings=\"{&quot;background_background&quot;:&quot;classic&quot;}\">\n\t\t\t\t\t<div class=\"e-con-inner\">\n\t\t<div class=\"elementor-element elementor-element-08c14b3 e-con-full e-flex e-con e-child\" data-id=\"08c14b3\" data-element_type=\"container\" data-e-type=\"container\">\n\t\t\t\t<div class=\"elementor-element elementor-element-fc4666d elementor-widget elementor-widget-text-editor\" data-id=\"fc4666d\" data-element_type=\"widget\" data-e-type=\"widget\" data-widget_type=\"text-editor.default\">\n\t\t\t\t\t\t\t\t\t<p>Informationen \u00fcber den Dienstanbieter<\/p><p>\u00a0<\/p>\t\t\t\t\t\t\t\t<\/div>\n\t\t\t\t<div class=\"elementor-element elementor-element-3440e77 elementor-widget elementor-widget-text-editor\" data-id=\"3440e77\" data-element_type=\"widget\" data-e-type=\"widget\" data-widget_type=\"text-editor.default\">\n\t\t\t\t\t\t\t\t\t<p class=\"p2\"><span class=\"s1\"><b>Nano Vario OG<\/b><b><\/b><\/span><\/p><p class=\"p3\"><span class=\"s2\">Bittsollweg 19a,<\/span><span class=\"s1\"><br \/><\/span><span class=\"s2\">5023 Salzburg,<\/span><span class=\"s1\"><br \/><\/span><span class=\"s2\">\u00d6sterreich<\/span><\/p><p class=\"p2\"><span class=\"s1\"><b>E-Mail:<\/b>\u00a0<a href=\"mailto:office@nanovario.at\"><span class=\"s3\">office@nanovario.at<\/span><\/a><\/span><\/p><p class=\"p3\"><span class=\"s2\"><b>Firmensitz:<\/b>\u00a05023 Koppl<br \/><\/span><span class=\"s1\"><br \/><\/span><b><\/b><\/p><p class=\"p3\"><span class=\"s2\"><b>Mitglied bei:<\/b> WKS<\/span><\/p><p class=\"p3\"><span class=\"s2\"><b>Aufsichtsbeh\u00f6rde:<\/b><\/span><span class=\"s1\"><br \/><\/span><span class=\"s2\">Bezirkshauptmannschaft Salzburg Umgebung<\/span><span class=\"s1\"><br \/><\/span><span class=\"s2\">Bezirkshauptmannschaft Salzburg-Umgebung<\/span><span class=\"s1\"><br \/><\/span><span class=\"s2\">Dr. Hans Katschthaler Platz 1, 5201 Seekirchen am Wallersee<br \/><\/span><span class=\"s1\"><br \/><\/span><span class=\"s2\"><b>Webseite:<\/b>\u00a0<a href=\"https:\/\/www.salzburg.gv.at\/verwaltung_\/Seiten\/bh-su.aspx\" target=\"_blank\" rel=\"noopener\"><span class=\"s4\">https:\/\/www.salzburg.gv.at\/verwaltung_\/Seiten\/bh-su.aspx<\/span><\/a><\/span><\/p><p class=\"p3\"><span class=\"s2\"><b><br \/>Berufsbezeichnung:<\/b>\u00a0Mechatroniker:in f\u00fcr Elektronik, B\u00fcro- und EDV-Systemtechnik (\u00a7 94 Z 49 GewO, verbundenes Handwerk)<br \/><\/span><span class=\"s1\"><br \/><\/span><span class=\"s2\"><b>Verleihungsstaat:<\/b>\u00a0\u00d6sterreich<\/span><\/p><p class=\"p3\"><span class=\"s2\"><b><br \/>Vertretungsbefugte Gesellschafter:<\/b>\u00a0Daniel Klingersberger, Manuel Br\u00fcggl<\/span><span class=\"s1\"><br \/><\/span><span class=\"s2\"><b>Beteiligungsverh\u00e4ltnisse:<\/b>\u00a0Gesellschafter Daniel Klingersberger 50%, Manuel Br\u00fcggl 50%<\/span><\/p><p class=\"p3\"><span class=\"s2\"><b><br \/>E-Mail:<\/b>\u00a0<a href=\"mailto:office@nanovario.at\"><span class=\"s4\">office@n<\/span><span class=\"s4\">anovario.<\/span>at<\/a><\/span><span class=\"s1\"><br \/><\/span><span class=\"s2\"><b>Impressum:<\/b>\u00a0<a href=\"https:\/\/www.nanovario.at\/en\/impressum\/\"><span class=\"s4\">https:\/\/www.nanovario.at\/impressum\/<\/span><\/a><\/span><\/p><p class=\"p4\"><span class=\"s1\"><b><br \/>EU-Streitschlichtung<\/b><\/span><\/p><p class=\"p3\"><span class=\"s2\">Gem\u00e4\u00df Verordnung \u00fcber Online-Streitbeilegung in Verbraucherangelegenheiten (ODR-Verordnung) m\u00f6chten wir Sie \u00fcber die Online-Streitbeilegungsplattform (OS-Plattform) informieren.<\/span><span class=\"s1\"><br \/><\/span><span class=\"s2\">Verbraucher haben die M\u00f6glichkeit, Beschwerden an die Online Streitbeilegungsplattform der Europ\u00e4ischen Kommission unter\u00a0<a href=\"https:\/\/ec.europa.eu\/consumers\/odr\/main\/index.cfm?event=main.home2.show&amp;lng=DE\" target=\"_blank\" rel=\"noopener\"><span class=\"s4\">https:\/\/ec.europa.eu\/consumers\/odr\/main\/index.cfm?event=main.home2.show&amp;lng=DE<\/span><\/a>\u00a0zu richten. Die daf\u00fcr notwendigen Kontaktdaten finden Sie oberhalb in unserem Impressum.<\/span><\/p><p class=\"p2\"><span class=\"s1\">Wir m\u00f6chten Sie jedoch darauf hinweisen, dass wir nicht bereit oder verpflichtet sind, an Streitbeilegungsverfahren vor einer Verbraucherschlichtungsstelle teilzunehmen.<\/span><\/p><p class=\"p4\"><span class=\"s1\"><b><br \/>Bildernachweis<\/b><\/span><\/p><p class=\"p2\"><span class=\"s1\">Die Bilder, Fotos und Grafiken auf dieser Webseite sind urheberrechtlich gesch\u00fctzt.<\/span><\/p><p class=\"p3\"><span class=\"s2\"><b><br \/>Die Bilderrechte liegen bei:<\/b><\/span><span class=\"s1\"><br \/><\/span><span class=\"s2\">Fotograf Paul Doppler<\/span><\/p><p class=\"p2\"><span class=\"s1\">Alle Texte sind urheberrechtlich gesch\u00fctzt.<\/span><\/p><p class=\"p2\"><span class=\"s1\">Quelle: Erstellt mit dem\u00a0<a href=\"https:\/\/www.adsimple.at\/impressum-generator\/\" target=\"_blank\" rel=\"noopener\"><span class=\"s3\">Impressum Generator<\/span><\/a>\u00a0von AdSimple<\/span><\/p>\t\t\t\t\t\t\t\t<\/div>\n\t\t\t\t<\/div>\n\t\t\t\t\t<\/div>\n\t\t\t\t<\/section>\n\t\t\t\t<\/div>","protected":false},"excerpt":{"rendered":"<p>Informationen \u00fcber den Dienstanbieter \u00a0 Nano Vario OG Bittsollweg 19a,5023 Salzburg,\u00d6sterreich E-Mail:\u00a0office@nanovario.at Firmensitz:\u00a05023 Koppl Mitglied bei: WKS Aufsichtsbeh\u00f6rde:Bezirkshauptmannschaft Salzburg UmgebungBezirkshauptmannschaft Salzburg-UmgebungDr. Hans Katschthaler Platz 1, 5201 Seekirchen am Wallersee Webseite:\u00a0https:\/\/www.salzburg.gv.at\/verwaltung_\/Seiten\/bh-su.aspx Berufsbezeichnung:\u00a0Mechatroniker:in f\u00fcr Elektronik, B\u00fcro- und EDV-Systemtechnik (\u00a7 94 Z 49 GewO, verbundenes Handwerk) Verleihungsstaat:\u00a0\u00d6sterreich Vertretungsbefugte Gesellschafter:\u00a0Daniel Klingersberger, Manuel Br\u00fcgglBeteiligungsverh\u00e4ltnisse:\u00a0Gesellschafter Daniel Klingersberger 50%, Manuel Br\u00fcggl 50% [&hellip;]<\/p>\n","protected":false},"author":6,"featured_media":0,"parent":0,"menu_order":0,"comment_status":"closed","ping_status":"closed","template":"","meta":{"footnotes":""},"tags":[],"class_list":["post-596","page","type-page","status-publish","hentry"],"_links":{"self":[{"href":"https:\/\/www.nanovario.at\/en\/wp-json\/wp\/v2\/pages\/596","targetHints":{"allow":["GET"]}}],"collection":[{"href":"https:\/\/www.nanovario.at\/en\/wp-json\/wp\/v2\/pages"}],"about":[{"href":"https:\/\/www.nanovario.at\/en\/wp-json\/wp\/v2\/types\/page"}],"author":[{"embeddable":true,"href":"https:\/\/www.nanovario.at\/en\/wp-json\/wp\/v2\/users\/6"}],"replies":[{"embeddable":true,"href":"https:\/\/www.nanovario.at\/en\/wp-json\/wp\/v2\/comments?post=596"}],"version-history":[{"count":10,"href":"https:\/\/www.nanovario.at\/en\/wp-json\/wp\/v2\/pages\/596\/revisions"}],"predecessor-version":[{"id":3547,"href":"https:\/\/www.nanovario.at\/en\/wp-json\/wp\/v2\/pages\/596\/revisions\/3547"}],"wp:attachment":[{"href":"https:\/\/www.nanovario.at\/en\/wp-json\/wp\/v2\/media?parent=596"}],"wp:term":[{"taxonomy":"post_tag","embeddable":true,"href":"https:\/\/www.nanovario.at\/en\/wp-json\/wp\/v2\/tags?post=596"}],"curies":[{"name":"wp","href":"https:\/\/api.w.org\/{rel}","templated":true}]}}