{"id":2019,"date":"2026-01-28T12:30:51","date_gmt":"2026-01-28T11:30:51","guid":{"rendered":"https:\/\/www.nanovario.at\/?page_id=2019"},"modified":"2026-04-24T13:25:38","modified_gmt":"2026-04-24T11:25:38","slug":"allgemeine-geschaeftsbedingungen-agb","status":"publish","type":"page","link":"https:\/\/www.nanovario.at\/en\/allgemeine-geschaeftsbedingungen-agb\/","title":{"rendered":"General Terms and Conditions"},"content":{"rendered":"<div data-elementor-type=\"wp-page\" data-elementor-id=\"2019\" class=\"elementor elementor-2019\" data-elementor-post-type=\"page\">\n\t\t\t\t<div class=\"elementor-element elementor-element-99ba0c5 e-con-full e-flex e-con e-parent\" data-id=\"99ba0c5\" data-element_type=\"container\" data-e-type=\"container\">\n\t\t<div class=\"elementor-element elementor-element-eba42a2 e-flex e-con-boxed e-con e-child\" data-id=\"eba42a2\" data-element_type=\"container\" data-e-type=\"container\">\n\t\t\t\t\t<div class=\"e-con-inner\">\n\t\t\t\t<div class=\"elementor-element elementor-element-5c486f9 elementor-widget elementor-widget-text-editor\" data-id=\"5c486f9\" data-element_type=\"widget\" data-e-type=\"widget\" data-widget_type=\"text-editor.default\">\n\t\t\t\t\t\t\t\t\t<h2>General Terms and Conditions<\/h2><div>\u00a0<\/div><h3>1. Allgemeines<\/h3><p><strong>Stand der AGB: 28.01.2026<\/strong><\/p><p><strong>1.1.<\/strong><br \/>Diese allgemeinen Gesch\u00e4ftsbedingungen (\u201eAGB\u201c) finden Anwendung auf Bestellungen, Verk\u00e4ufe und Lieferungen von Produkten (\u201eProdukte\u201c), die in diesen Webshop (\u201eWebshop\u201c) \u00fcber die Webseite www.nanovario.at angeboten und vertrieben werden.<\/p><p><strong>1.2.<\/strong><br \/>Vertragssprache ist Deutsch.<\/p><h3>2. Geltungsbereich<\/h3><p><strong>2.1.<\/strong><br \/>Diese AGB sind anwendbar, wenn es sich bei dem K\u00e4ufer um einen Verbraucher im Sinne des \u00a7 1 KSchG (Konsumentenschutzgesetz) handelt (\u201eKunde\u201c).<\/p><h3>3. \u00c4nderungen der AGB<\/h3><p><strong>3.1.<\/strong><br \/>Dem Anbieter bleibt die \u00c4nderung dieser AGB vorbehalten. F\u00fcr den Verkauf von Produkten gelten die zum Zeitpunkt des Kaufabschlusses jeweils geltenden AGB.<\/p><h3>4. Kundenkonto<\/h3><p><strong>4.1.<\/strong><br \/>Zur Bestellung von Produkten kann der Kunde im Webshop ein Kundenkonto anlegen. Die Erstellung des Kundenkontos erfordert die Angabe gewisser Informationen durch den Kunden.<\/p><p>Eine Bestellung ist auch ohne Kundenkonto m\u00f6glich.<\/p><h3>5. Bestellung, Bestellbest\u00e4tigung, Versandbest\u00e4tigung<\/h3><p><strong>5.1.<\/strong><br \/>Der Bestellvorgang erfolgt in folgenden Schritten:<br \/>\u25cf Auswahl der gew\u00fcnschten Ware<br \/>\u25cf Einlegen der Ware in den Warenkorb<br \/>\u25cf Eingabe der pers\u00f6nlichen Daten<br \/>\u25cf Auswahl der Zahlungsmethode und Liefermethode<br \/>\u25cf nochmalige Pr\u00fcfung und ggf. Berichtigung der Bestellung<br \/>\u25cf <strong>verbindliches Absenden der Bestellung durch Klick auf \u201ezahlungspflichtig bestellen\u201d<\/strong><br \/>Der Kunde kann seine Eingaben vor dem Absenden der Bestellung jederzeit \u00fcber die \u00fcblichen Tastatur- und Mausfunktionen sowie durch die &#8218;Zur\u00fcck&#8216;-Funktion des Browsers korrigieren.<\/p><p><strong>5.2.<\/strong><br \/>Die im Webshop abgebildeten Produkte und Preisangaben stellen eine Einladung an den Kunden dar, ein verbindliches Angebot \u00fcber den Erwerb der Produkte an den Anbieter zu richten (\u201eBestellung\u201c). Durch Bet\u00e4tigen des Buttons mit dem Text <strong>\u201ezahlungspflichtig bestellen\u201c<\/strong>, oder eine sonstige gleichwertige Formulierung, durch den Kunden wird die verbindliche Bestellung an den Anbieter \u00fcbermittelt. Abbildungen und Zeichnungen der Ware gelten nur als Ann\u00e4herungswerte, sofern diese beim Produkt nicht ausdr\u00fccklich als Fixwert angegeben wurden. Geringf\u00fcgige und sachlich gerechtfertigte \u00c4nderungen nimmt der Kunde in Kauf.<\/p><p><strong>5.3.<\/strong><br \/>Der Anbieter wird dem Kunden an die von ihm angegebene E-Mail Adresse unverz\u00fcglich eine Best\u00e4tigung senden, dass die Bestellung beim Anbieter eingelangt ist (\u201eBestellbest\u00e4tigung\u201c). Diese Bestellbest\u00e4tigung stellt nicht die Annahme der Bestellung des Kunden dar, sondern best\u00e4tigt blo\u00df das Einlangen der Bestellung beim Anbieter.<\/p><p><strong>5.4.<\/strong><br \/>Die Annahme erfolgt je nach gew\u00e4hlter Zahlungsmethode zu unterschiedlichen Zeitpunkten in unterschiedlicher Form:<br \/>\u25cf durch \u00dcbermittlung einer Auftragsbest\u00e4tigung per E-Mail, wobei der Zeitpunkt des Zugangs der Auftragsbest\u00e4tigung beim Kunden ma\u00dfgeblich ist.<br \/>\u25cf durch Versand der bestellten Ware an den Kunden, wobei eine \u00fcbermittelte Versandbest\u00e4tigung als Auftragsbest\u00e4tigung zu verstehen ist. Wird keine separate Versandbest\u00e4tigung an den Kunden geschickt, ist der Zugang der Ware beim Kunden ma\u00dfgeblich.<br \/>\u25cf durch \u00dcbermittlung einer Zahlungsaufforderung durch <strong>Nano Vario OG<\/strong>. Der Kunde ist an seine Bestellung zwei Tage ab Zugang dieser Bestellung gebunden. Das gesetzliche Widerrufsrecht (R\u00fccktrittsrecht) bleibt davon unber\u00fchrt.<\/p><p><strong>5.5.<\/strong><br \/>Der Kunde hat sicherzustellen, dass s\u00e4mtliche von ihm im Rahmen einer Bestellung angegebenen Informationen, insbesondere die f\u00fcr den Versand notwendigen Daten (z. B. Lieferadresse), zutreffend, richtig und aktuell sind. Der Kunde hat dem Anbieter \u00c4nderungen dieser Informationen unverz\u00fcglich bekannt zu geben. Kosten, die durch die Angabe unrichtiger, unvollst\u00e4ndiger oder veralteter Daten entstehen (z. B. Kosten f\u00fcr Fehlzustellungen, R\u00fccksendungen an den Anbieter oder eine erneute Zustellung), sind vom Kunden zu tragen.<\/p><p><strong>5.6.<\/strong><br \/>Der Anbieter \u00fcbermittelt dem Kunden nach Vertragsabschluss eine elektronische Rechnung. Der Kunde stimmt zu, eine elektronische Rechnung zu erhalten.<\/p><p><strong>5.7.<\/strong><br \/>Der Vertragstext wird vom Anbieter gespeichert, ist f\u00fcr den Kunden nach der Bestellung jedoch nicht mehr \u00fcber den Webshop abrufbar. Der Kunde erh\u00e4lt jedoch alle relevanten Bestelldaten sowie die AGB per E-Mail zugestellt. Wir empfehlen dem Kunden, die AGB f\u00fcr eigene Zwecke zu speichern oder auszudrucken.<\/p><h3>6. Zahlungsmodalit\u00e4ten<\/h3><p><strong>6.1.<\/strong><br \/>Alle angegebenen Preise verstehen sich in Euro inklusive Umsatzsteuer, jedoch exklusive Versandkosten, sofern nicht abweichend angegeben. Die Versandkosten werden dem Kunden vor Abgabe der Bestellung angezeigt.<\/p><p><strong>6.2.<\/strong><br \/>Die Bezahlung im Webshop kann \u00fcber die folgenden Zahlungsarten erfolgen: <strong>Kreditkarte, Klarna, Apple Pay, PayPal, Sofort\u00fcberweisung, Google Pay, Rechnung.<\/strong><\/p><p><strong>6.3.<\/strong><br \/>Die Versandkosten sind bestellungsabh\u00e4ngig und werden vom Anbieter vor der Bestellung sowie in der Bestellbest\u00e4tigung ausgewiesen.<\/p><h3>7. Lieferung<\/h3><p><strong>7.1.<\/strong><br \/>Dem Kunden stehen die vom Anbieter im Webshop genannten Versendungsarten zur Verf\u00fcgung.<\/p><p><strong>7.2.<\/strong><br \/>Die vom Anbieter genannten Zustelltermine richten sich nach den Angaben des beauftragten Versanddienstleisters. Die Dauer f\u00fcr die Lieferung der Produkte an den Kunden betr\u00e4gt, sofern bei den jeweiligen Produkten kein anderer Liefertermin angegeben ist, h\u00f6chstens 30 Tage ab Vertragsschluss.<\/p><p><strong>7.3.<\/strong><br \/>Ist die Nichteinhaltung des Zustellungstermins auf h\u00f6here Gewalt, auf Arbeitsk\u00e4mpfe oder sonstige Ereignisse, die au\u00dferhalb des Einflussbereiches des Anbieters liegen, zur\u00fcckzuf\u00fchren, so verl\u00e4ngert sich der Zustellungstermin jedenfalls angemessen f\u00fcr die Dauer des Hindernisses. Der Anbieter wird dem Kunden den Beginn und das Ende derartiger Umst\u00e4nde ehestm\u00f6glich mitteilen, ohne dass der Kunde aus der Unterlassung der Mitteilung Anspr\u00fcche ableiten kann.<\/p><p><strong>7.4.<\/strong><br \/>Ger\u00e4t der Kunde mit der Annahme der Produkte in Verzug, so kommt es zum Beginn des Laufs der Gew\u00e4hrleistungsfrist f\u00fcr die Leistung des Anbieters.<\/p><h3>8. Eigentumsvorbehalt<\/h3><p><strong>8.1.<\/strong><br \/>Der Anbieter beh\u00e4lt sich das Eigentum an den Produkten bis zur vollst\u00e4ndigen Zahlung des Kaufpreises und der Nebenkosten (insbesondere Versandkosten) durch den Kunden vor.<\/p><h3>9. Verzug des Anbieters<\/h3><p><strong>9.1.<\/strong><br \/>Ger\u00e4t der Anbieter mit seiner Leistung in Verzug, hat der Kunde den Anbieter zun\u00e4chst aufzufordern, die Leistung innerhalb einer angemessenen Nachfrist von zwei Wochen zu erbringen. Leistet der Anbieter nicht innerhalb dieser Frist, so kann der Kunde vom Vertrag zur\u00fccktreten oder weiterhin Erf\u00fcllung verlangen.<\/p><h3>10. Gew\u00e4hrleistung<\/h3><p><strong>10.1.<\/strong><br \/><strong>Nano Vario OG<\/strong> leistet im Rahmen der gesetzlichen Bestimmungen Gew\u00e4hr. Bei Reklamationen wenden Sie sich bitte an <strong>office@nanovario.at<\/strong><\/p><p><strong>10.2.<\/strong><br \/>Der Anbieter kann verlangen, dass ihm der Kunde, wenn es f\u00fcr diesen tunlich ist, die mangelhaften Produkte \u00fcbersendet, wobei der Anbieter die Gefahr der \u00dcbersendung sowie die Kosten der R\u00fccksendung zu tragen hat. Der Kunde wird gebeten, gelieferte Waren mit offensichtlichen Transportsch\u00e4den beim Zustelldienst zu reklamieren und den Anbieter dar\u00fcber zu informieren. Unterl\u00e4sst der Kunde dies, so hat dies keinerlei Auswirkungen auf seine Anspr\u00fcche aus der Gew\u00e4hrleistung.<\/p><h3>11. Haftung und Schadenersatz<\/h3><p><strong>11.1.<\/strong><br \/>Die Haftung des Anbieters f\u00fcr leicht fahrl\u00e4ssig verursachte Sch\u00e4den, ausgenommen Personensch\u00e4den und vertragliche Hauptleistungspflichten, ist ausgeschlossen. Die Haftung ist zudem f\u00fcr reine Verm\u00f6genssch\u00e4den, Gewinnentgang, Sch\u00e4den Dritter, mittelbare Sch\u00e4den und Mangelfolgesch\u00e4den ausgeschlossen. Haftungsbeschr\u00e4nkende oder -ausschlie\u00dfende Bestimmungen dieses Punkts 11 gelten nicht, sofern und soweit seitens des Anbieters grobe Fahrl\u00e4ssigkeit oder Vorsatz vorliegt.<\/p><h3>12. Allgemeine Bestimmungen<\/h3><p><strong>12.1.<\/strong><br \/>Sofern nicht ohnedies, aufgrund der Ausrichtung dieses Webshops auf \u00d6sterreich, \u00f6sterreichisches Recht zur Anwendung gelangt, gilt ausschlie\u00dflich die Anwendbarkeit \u00f6sterreichischen Rechts unter Ausschluss des UN-Kaufrechts als vereinbart.<\/p><p><strong>12.2.<\/strong><br \/>Bei Verbrauchern gilt diese Rechtswahl nur insoweit, als nicht der gew\u00e4hrte Schutz durch zwingende Bestimmungen des Rechts des Staates, in dem der Verbraucher seinen gew\u00f6hnlichen Aufenthalt hat, entzogen wird.<\/p><p><strong>12.3.<\/strong><br \/>Der Kunde darf Forderungen gegen Anspr\u00fcche des Anbieters nur aufrechnen, wenn die Forderungen in einem rechtlichen Zusammenhang mit den Anspr\u00fcchen stehen, anerkannt wurden oder gerichtlich festgestellt sind.<\/p><p><strong>12.4.<\/strong><br \/>Der Kunde ist verpflichtet, dem Anbieter \u00c4nderungen seiner Anschrift bekannt zu geben. Gibt der Kunde eine \u00c4nderung der Anschrift nicht bekannt, so gilt ihm eine an die zuletzt bekanntgegebene Anschrift versendete Erkl\u00e4rung des Anbieters dennoch als zugegangen.<\/p><p><strong>12.5.<\/strong><br \/>Wir unterwerfen uns Verbrauchern gegen\u00fcber einem alternativen Streitbeilegungsverfahren bei folgender alternativen Streitbeilegungsstelle: Internet Ombudsstelle (www.ombudsstelle.at) Gem\u00e4\u00df EU-Verordnung informieren wir zudem \u00fcber die Online-Streitbeilegungsplattform der Europ\u00e4ischen Kommission: <a href=\"https:\/\/ec.europa.eu\/consumers\/odr\" target=\"_blank\" rel=\"noopener\">https:\/\/ec.europa.eu\/consumers\/odr<\/a><\/p><p><strong>12.6.<\/strong><br \/>Informationen zur Verarbeitung personenbezogener Daten des Kunden finden sich in der separaten Datenschutzerkl\u00e4rung auf www.nanovario.at.<\/p><hr \/><h2>Widerrufsbelehrung<\/h2><h3>R\u00fccktrittsrecht \/ Widerrufsrecht<\/h3><p>Dem in \u00d6sterreich gebr\u00e4uchlichen Begriff \u201eR\u00fccktrittsrecht\u201c entspricht der in Deutschland gebr\u00e4uchliche und in der Verbraucherrechte-Richtlinie verwendete Begriff \u201eWiderrufsrecht\u201c. Wir verwenden daher das gleichbedeutende Begriffspaar \u201eWiderrufsrecht (R\u00fccktrittsrecht)\u201c. In der Widerrufsbelehrung wird ausschlie\u00dflich der Begriff \u201eWiderrufsrecht\u201c verwendet. Dies ist gleichbedeutend mit dem \u00f6sterreichischen Begriff \u201eR\u00fccktrittsrecht.\u201c<\/p><p>Details dazu finden Sie in der Widerrufsbelehrung.<\/p><p><strong>Nicht bestehendes Widerrufsrecht (R\u00fccktrittsrecht)<\/strong> F\u00fcr Waren, die nach Kundenspezifikationen angefertigt werden oder eindeutig auf die pers\u00f6nlichen Bed\u00fcrfnisse zugeschnitten sind, besteht kein Widerrufsrecht (R\u00fccktrittsrecht).<\/p><p><strong>Entfallendes Widerrufsrecht (R\u00fccktrittsrecht)<\/strong> F\u00fcr Waren, die nach ihrer Lieferung auf Grund ihrer Beschaffenheit untrennbar mit anderen G\u00fctern vermischt worden sind, entf\u00e4llt das Widerrufsrecht (R\u00fccktrittsrecht).<\/p><h3>Widerrufsrecht<\/h3><p>Sie haben das Recht, binnen vierzehn Tagen ohne Angabe von Gr\u00fcnden diesen Vertrag zu widerrufen.<\/p><p>Die Widerrufsfrist betr\u00e4gt vierzehn Tage ab dem Tag, an dem Sie oder ein von Ihnen benannter Dritter, der nicht der Bef\u00f6rderer ist, die letzte Ware in Besitz genommen haben bzw. hat.<\/p><p>Um Ihr Widerrufsrecht auszu\u00fcben, m\u00fcssen Sie uns<\/p><p><strong>Nano Vario OG<br \/>Bittsolweg 19a<br \/>5023 Salzburg<br \/>Tel.: +436642353266<br \/>E-Mail: office@nanovario.at<\/strong><\/p><p>mittels einer eindeutigen Erkl\u00e4rung (z.B. ein mit der Post versandter Brief oder E-Mail) \u00fcber Ihren Entschluss, diesen Vertrag zu widerrufen, informieren. Sie k\u00f6nnen daf\u00fcr das beigef\u00fcgte Muster-Widerrufsformular verwenden, das jedoch nicht vorgeschrieben ist.<\/p><p>Zur Wahrung der Widerrufsfrist reicht es aus, dass Sie die Mitteilung \u00fcber die Aus\u00fcbung des Widerrufsrechts vor Ablauf der Widerrufsfrist absenden.<\/p><h3>Folgen des Widerrufs<\/h3><p>Wenn Sie diesen Vertrag widerrufen, haben wir Ihnen alle Zahlungen, die wir von Ihnen erhalten haben, einschlie\u00dflich der Lieferkosten (mit Ausnahme der zus\u00e4tzlichen Kosten, die sich daraus ergeben, dass Sie eine andere Art der Lieferung als die von uns angebotene, g\u00fcnstigste Standardlieferung gew\u00e4hlt haben), unverz\u00fcglich und sp\u00e4testens binnen vierzehn Tagen ab dem Tag zur\u00fcckzuzahlen, an dem die Mitteilung \u00fcber Ihren Widerruf dieses Vertrags bei uns eingegangen ist. F\u00fcr diese R\u00fcckzahlung verwenden wir dasselbe Zahlungsmittel, das Sie bei der urspr\u00fcnglichen Transaktion eingesetzt haben, es sei denn, mit Ihnen wurde ausdr\u00fccklich etwas anderes vereinbart; in keinem Fall werden Ihnen wegen dieser R\u00fcckzahlung Entgelte berechnet.<\/p><p>Wir k\u00f6nnen die R\u00fcckzahlung verweigern, bis wir die Waren wieder zur\u00fcckerhalten haben oder bis Sie den Nachweis erbracht haben, dass Sie die Waren zur\u00fcckgesandt haben, je nachdem, welches der fr\u00fchere Zeitpunkt ist.<\/p><p>Sie haben die Waren unverz\u00fcglich und in jedem Fall sp\u00e4testens binnen vierzehn Tagen ab dem Tag, an dem Sie uns \u00fcber den Widerruf dieses Vertrags unterrichten, an uns oder an<\/p><p>Nano Vario OG<br \/>Bittsolweg\u00a0<span class=\"s1\"><br \/><strong>5023 Salzburg<\/strong><br \/><strong>office@nanovario.at<\/strong><\/span><\/p><p class=\"p1\"><span class=\"s1\"><br \/>Hiermit widerrufe(n) ich\/wir (*) den von mir\/uns (*) abgeschlossenen Vertrag \u00fcber den Kauf der folgenden Waren (*)\/die Erbringung der folgenden Dienstleistung (*)<\/span><\/p><p>Bestellt am (*)\/erhalten am (*)<b><\/b><\/p><p>Name des\/der Verbraucher(s)<b><\/b><\/p><p>Anschrift des\/der Verbraucher(s)<b><\/b><\/p><p class=\"p1\"><span class=\"s1\">Unterschrift des\/der Verbraucher(s) (nur bei Mitteilung auf Papier)<\/span><\/p><p>Datum<\/p><p>(*) Unzutreffendes streichen.<\/p><p><strong>\u00a0<\/strong><\/p>\t\t\t\t\t\t\t\t<\/div>\n\t\t\t\t\t<\/div>\n\t\t\t\t<\/div>\n\t\t\t\t<\/div>\n\t\t\t\t<\/div>","protected":false},"excerpt":{"rendered":"<p>Allgemeine Gesch\u00e4ftsbedingungen (AGB) \u00a0 1. Allgemeines Stand der AGB: 28.01.2026 1.1.Diese allgemeinen Gesch\u00e4ftsbedingungen (\u201eAGB\u201c) finden Anwendung auf Bestellungen, Verk\u00e4ufe und Lieferungen von Produkten (\u201eProdukte\u201c), die in diesen Webshop (\u201eWebshop\u201c) \u00fcber die Webseite www.nanovario.at angeboten und vertrieben werden. 1.2.Vertragssprache ist Deutsch. 2. Geltungsbereich 2.1.Diese AGB sind anwendbar, wenn es sich bei dem K\u00e4ufer um einen Verbraucher [&hellip;]<\/p>\n","protected":false},"author":6,"featured_media":0,"parent":0,"menu_order":0,"comment_status":"closed","ping_status":"closed","template":"","meta":{"footnotes":""},"tags":[],"class_list":["post-2019","page","type-page","status-publish","hentry"],"_links":{"self":[{"href":"https:\/\/www.nanovario.at\/en\/wp-json\/wp\/v2\/pages\/2019","targetHints":{"allow":["GET"]}}],"collection":[{"href":"https:\/\/www.nanovario.at\/en\/wp-json\/wp\/v2\/pages"}],"about":[{"href":"https:\/\/www.nanovario.at\/en\/wp-json\/wp\/v2\/types\/page"}],"author":[{"embeddable":true,"href":"https:\/\/www.nanovario.at\/en\/wp-json\/wp\/v2\/users\/6"}],"replies":[{"embeddable":true,"href":"https:\/\/www.nanovario.at\/en\/wp-json\/wp\/v2\/comments?post=2019"}],"version-history":[{"count":10,"href":"https:\/\/www.nanovario.at\/en\/wp-json\/wp\/v2\/pages\/2019\/revisions"}],"predecessor-version":[{"id":3553,"href":"https:\/\/www.nanovario.at\/en\/wp-json\/wp\/v2\/pages\/2019\/revisions\/3553"}],"wp:attachment":[{"href":"https:\/\/www.nanovario.at\/en\/wp-json\/wp\/v2\/media?parent=2019"}],"wp:term":[{"taxonomy":"post_tag","embeddable":true,"href":"https:\/\/www.nanovario.at\/en\/wp-json\/wp\/v2\/tags?post=2019"}],"curies":[{"name":"wp","href":"https:\/\/api.w.org\/{rel}","templated":true}]}}