{"id":1363,"date":"2025-02-27T12:01:57","date_gmt":"2025-02-27T11:01:57","guid":{"rendered":"https:\/\/www.nanovario.at\/versandarten\/"},"modified":"2026-04-24T13:27:34","modified_gmt":"2026-04-24T11:27:34","slug":"versandarten","status":"publish","type":"page","link":"https:\/\/www.nanovario.at\/en\/versandarten\/","title":{"rendered":"Versandarten"},"content":{"rendered":"<div data-elementor-type=\"wp-page\" data-elementor-id=\"1363\" class=\"elementor elementor-1363\" data-elementor-post-type=\"page\">\n\t\t\t\t<div class=\"elementor-element elementor-element-263359c e-flex e-con-boxed e-con e-parent\" data-id=\"263359c\" data-element_type=\"container\" data-e-type=\"container\">\n\t\t\t\t\t<div class=\"e-con-inner\">\n\t\t\t\t<div class=\"elementor-element elementor-element-060eb34 elementor-widget elementor-widget-heading\" data-id=\"060eb34\" data-element_type=\"widget\" data-e-type=\"widget\" data-widget_type=\"heading.default\">\n\t\t\t\t\t<h2 class=\"elementor-heading-title elementor-size-default\">Shipping information<\/h2>\t\t\t\t<\/div>\n\t\t\t\t<div class=\"elementor-element elementor-element-f53a76d elementor-widget elementor-widget-text-editor\" data-id=\"f53a76d\" data-element_type=\"widget\" data-e-type=\"widget\" data-widget_type=\"text-editor.default\">\n\t\t\t\t\t\t\t\t\t<h3 style=\"color: #292929; font-family: 'League Spartan', sans-serif; font-weight: 600; line-height: 29.75px; font-size: 32px;\" data-path-to-node=\"9\"><span style=\"color: #525252; font-size: 17px; font-weight: 400;\">We ship our products with Austrian Post.<\/span><\/h3><ul style=\"background: #ffffff; font-size: 17px;\" data-start=\"100\" data-end=\"448\"><li style=\"font-size: 17px;\" data-section-id=\"vc3t4g\" data-start=\"100\" data-end=\"147\"><span style=\"font-weight: 900;\" data-start=\"102\" data-end=\"117\">Austria:<\/span>\u00a0Delivery time approx. 2\u20133 business days<\/li><li style=\"font-size: 17px;\" data-section-id=\"10awsiw\" data-start=\"148\" data-end=\"196\"><span style=\"font-weight: 900;\" data-start=\"150\" data-end=\"165\">EU countries + Switzerland:<\/span>\u00a0Delivery time approx. 4\u201312 business days<\/li><li style=\"font-size: 17px;\" data-section-id=\"1u9qfbw\" data-start=\"198\" data-end=\"448\"><span style=\"font-weight: 900;\" data-start=\"200\" data-end=\"212\">Italy:<\/span>\u00a0Due to repeated significantly longer delivery times, we ship to Italy exclusively with tracking. This results in slightly higher shipping costs, but the shipment can be tracked much more reliably.<br \/><br \/><\/li><\/ul><p style=\"max-width: 80ch;\" data-start=\"450\" data-end=\"658\" data-is-last-node=\"\" data-is-only-node=\"\"><span style=\"font-weight: 900;\" data-start=\"450\" data-end=\"494\">Note for orders in Switzerland:<\/span><br data-start=\"494\" data-end=\"497\" \/>For deliveries to Switzerland, additional import costs may apply, in particular approximately\u00a0<span style=\"font-weight: 900;\" data-start=\"588\" data-end=\"642\">8.1% VAT and a customs processing fee<\/span>\u00a0.<\/p>\t\t\t\t\t\t\t\t<\/div>\n\t\t\t\t\t<\/div>\n\t\t\t\t<\/div>\n\t\t\t\t<\/div>","protected":false},"excerpt":{"rendered":"<p>Versandinformationen Wir versenden unsere Produkte mit der \u00d6sterreichischen Post. \u00d6sterreich:\u00a0Lieferzeit ca. 2\u20133 Werktage EU-Ausland + Schweiz :\u00a0Lieferzeit ca. 4\u201312 Werktage Italien:\u00a0Aufgrund wiederholt deutlich l\u00e4ngerer Lieferzeiten versenden wir nach Italien ausschlie\u00dflich mit Sendungsverfolgung (Tracking). Dadurch entstehen etwas h\u00f6here Versandkosten, daf\u00fcr ist der Versand deutlich zuverl\u00e4ssiger nachvollziehbar. Hinweis f\u00fcr Bestellungen in die Schweiz:Bei Lieferungen in die Schweiz [&hellip;]<\/p>\n","protected":false},"author":1,"featured_media":0,"parent":0,"menu_order":0,"comment_status":"closed","ping_status":"closed","template":"","meta":{"footnotes":""},"tags":[],"class_list":["post-1363","page","type-page","status-publish","hentry"],"_links":{"self":[{"href":"https:\/\/www.nanovario.at\/en\/wp-json\/wp\/v2\/pages\/1363","targetHints":{"allow":["GET"]}}],"collection":[{"href":"https:\/\/www.nanovario.at\/en\/wp-json\/wp\/v2\/pages"}],"about":[{"href":"https:\/\/www.nanovario.at\/en\/wp-json\/wp\/v2\/types\/page"}],"author":[{"embeddable":true,"href":"https:\/\/www.nanovario.at\/en\/wp-json\/wp\/v2\/users\/1"}],"replies":[{"embeddable":true,"href":"https:\/\/www.nanovario.at\/en\/wp-json\/wp\/v2\/comments?post=1363"}],"version-history":[{"count":10,"href":"https:\/\/www.nanovario.at\/en\/wp-json\/wp\/v2\/pages\/1363\/revisions"}],"predecessor-version":[{"id":3562,"href":"https:\/\/www.nanovario.at\/en\/wp-json\/wp\/v2\/pages\/1363\/revisions\/3562"}],"wp:attachment":[{"href":"https:\/\/www.nanovario.at\/en\/wp-json\/wp\/v2\/media?parent=1363"}],"wp:term":[{"taxonomy":"post_tag","embeddable":true,"href":"https:\/\/www.nanovario.at\/en\/wp-json\/wp\/v2\/tags?post=1363"}],"curies":[{"name":"wp","href":"https:\/\/api.w.org\/{rel}","templated":true}]}}